{"id":831,"date":"2021-12-30T09:42:07","date_gmt":"2021-12-30T08:42:07","guid":{"rendered":"http:\/\/zlobekkrosnice.pl\/?page_id=831"},"modified":"2025-01-08T11:12:19","modified_gmt":"2025-01-08T10:12:19","slug":"dofinansowanie","status":"publish","type":"page","link":"https:\/\/zlobekkrosnice.pl\/index.php\/dofinansowanie\/","title":{"rendered":"Dofinansowanie &#8222;Aktywnie w \u017c\u0142obku&#8221;"},"content":{"rendered":"\n<figure class=\"wp-block-image size-large\"><img loading=\"lazy\" decoding=\"async\" width=\"1024\" height=\"724\" src=\"https:\/\/zlobekkrosnice.pl\/wp-content\/uploads\/2021\/12\/Projekt-bez-tytu\u0142u-28-1024x724.jpg\" alt=\"\" class=\"wp-image-832\" srcset=\"https:\/\/zlobekkrosnice.pl\/wp-content\/uploads\/2021\/12\/Projekt-bez-tytu\u0142u-28-1024x724.jpg 1024w, https:\/\/zlobekkrosnice.pl\/wp-content\/uploads\/2021\/12\/Projekt-bez-tytu\u0142u-28-300x212.jpg 300w, https:\/\/zlobekkrosnice.pl\/wp-content\/uploads\/2021\/12\/Projekt-bez-tytu\u0142u-28-768x543.jpg 768w, https:\/\/zlobekkrosnice.pl\/wp-content\/uploads\/2021\/12\/Projekt-bez-tytu\u0142u-28-1536x1086.jpg 1536w, https:\/\/zlobekkrosnice.pl\/wp-content\/uploads\/2021\/12\/Projekt-bez-tytu\u0142u-28-2048x1448.jpg 2048w\" sizes=\"auto, (max-width: 1024px) 100vw, 1024px\" \/><\/figure>\n\n\n\n<h2 class=\"wp-block-heading\">&#8222;Aktywnie w \u017c\u0142obku&#8221;<\/h2>\n\n\n\n<p>Od 1 pa\u017adziernika 2024  mo\u017cna sk\u0142ada\u0107 wniosek w ZUS (online) o dofinansowanie pobytu w \u017c\u0142obku w ramach Ustawy z dnia 15 maja 2024 r.&nbsp; o wspieraniu rodzic\u00f3w w&nbsp;aktywno\u015bci zawodowej oraz w wychowaniu dziecka \u2013 \u201eAktywny rodzic\u201d, kt\u00f3ra wprowadza trzy nowe \u015bwiadczenia dla rodzin z dzie\u0107mi do lat 3, w tym \u015bwiadczenie &#8222;Aktywnie w \u017c\u0142obku&#8221;.<\/p>\n\n\n\n<p><strong>Dzi\u0119ki temu w naszym \u017c\u0142obku rodzic op\u0142aca tylko wy\u017cywienie, bez czesnego.<\/strong><\/p>\n\n\n\n<p>Aby otrzyma\u0107 dofinansowanie &#8222;Aktywnie w \u017b\u0142obku&#8221;, <strong>nie trzeba spe\u0142nia\u0107 \u017cadnych dodatkowych wymaga\u0144 \u2013 wystarczy z\u0142o\u017cy\u0107 wniosek w ZUS<\/strong>. Wnioski  mo\u017cna sk\u0142ada\u0107 wy\u0142\u0105cznie w formie elektronicznej, za po\u015brednictwem jednego z trzech kana\u0142\u00f3w wnioskowania: PUE ZUS, bankowo\u015bci elektronicznej\u00a0lub platformy Empatia. Ka\u017cde dziecko, kt\u00f3re ucz\u0119szcza do \u017c\u0142obka, b\u0119dzie mog\u0142o otrzyma\u0107 to dofinansowanie.<\/p>\n\n\n\n<p>Pieni\u0105dze s\u0105 przekazywane na rachunek bankowy \u017c\u0142obka, co pokrywa ca\u0142e czesne w \u017c\u0142obku. Rodzic uiszcza jedynie op\u0142at\u0119 za catering. Wi\u0119cej informacji: <a href=\"https:\/\/www.gov.pl\/web\/rodzina\/aktywny-rodzic-od-1-pazdziernika-2024-r-ustawa-podpisana\" target=\"_blank\" rel=\"noreferrer noopener\">TU<\/a>.<\/p>\n","protected":false},"excerpt":{"rendered":"<p>&#8222;Aktywnie w \u017c\u0142obku&#8221; Od 1 pa\u017adziernika 2024 mo\u017cna sk\u0142ada\u0107 wniosek w ZUS (online) o dofinansowanie pobytu w \u017c\u0142obku w ramach Ustawy z dnia 15 maja 2024 r.&nbsp; o wspieraniu rodzic\u00f3w w&nbsp;aktywno\u015bci zawodowej oraz w wychowaniu dziecka \u2013 \u201eAktywny rodzic\u201d, kt\u00f3ra wprowadza trzy nowe \u015bwiadczenia dla rodzin z dzie\u0107mi do lat 3, w tym \u015bwiadczenie &#8222;Aktywnie w \u017c\u0142obku&#8221;. Dzi\u0119ki temu w naszym \u017c\u0142obku rodzic op\u0142aca tylko wy\u017cywienie, bez czesnego. Aby otrzyma\u0107 dofinansowanie &#8222;Aktywnie w \u017b\u0142obku&#8221;, nie [&hellip;]<\/p>\n","protected":false},"author":1,"featured_media":837,"parent":0,"menu_order":0,"comment_status":"closed","ping_status":"closed","template":"","meta":{"footnotes":""},"class_list":["post-831","page","type-page","status-publish","has-post-thumbnail","hentry"],"_links":{"self":[{"href":"https:\/\/zlobekkrosnice.pl\/index.php\/wp-json\/wp\/v2\/pages\/831","targetHints":{"allow":["GET"]}}],"collection":[{"href":"https:\/\/zlobekkrosnice.pl\/index.php\/wp-json\/wp\/v2\/pages"}],"about":[{"href":"https:\/\/zlobekkrosnice.pl\/index.php\/wp-json\/wp\/v2\/types\/page"}],"author":[{"embeddable":true,"href":"https:\/\/zlobekkrosnice.pl\/index.php\/wp-json\/wp\/v2\/users\/1"}],"replies":[{"embeddable":true,"href":"https:\/\/zlobekkrosnice.pl\/index.php\/wp-json\/wp\/v2\/comments?post=831"}],"version-history":[{"count":9,"href":"https:\/\/zlobekkrosnice.pl\/index.php\/wp-json\/wp\/v2\/pages\/831\/revisions"}],"predecessor-version":[{"id":1009,"href":"https:\/\/zlobekkrosnice.pl\/index.php\/wp-json\/wp\/v2\/pages\/831\/revisions\/1009"}],"wp:featuredmedia":[{"embeddable":true,"href":"https:\/\/zlobekkrosnice.pl\/index.php\/wp-json\/wp\/v2\/media\/837"}],"wp:attachment":[{"href":"https:\/\/zlobekkrosnice.pl\/index.php\/wp-json\/wp\/v2\/media?parent=831"}],"curies":[{"name":"wp","href":"https:\/\/api.w.org\/{rel}","templated":true}]}}