{"id":656,"date":"2021-02-01T18:14:57","date_gmt":"2021-02-01T17:14:57","guid":{"rendered":"http:\/\/zlobekkrosnice.pl\/?page_id=656"},"modified":"2025-12-03T12:39:26","modified_gmt":"2025-12-03T11:39:26","slug":"rekrutacja-2","status":"publish","type":"page","link":"https:\/\/zlobekkrosnice.pl\/index.php\/rekrutacja-2\/","title":{"rendered":"REKRUTACJA NA ROK 2025\/2026"},"content":{"rendered":"\n<p><img loading=\"lazy\" decoding=\"async\" height=\"16\" width=\"16\" src=\"https:\/\/static.xx.fbcdn.net\/images\/emoji.php\/v9\/tba\/1\/16\/1f4e3.png\" alt=\"?\">  Mamy jeszcze wolne miejsca<img loading=\"lazy\" decoding=\"async\" height=\"16\" width=\"16\" src=\"https:\/\/static.xx.fbcdn.net\/images\/emoji.php\/v9\/t7f\/1\/16\/1f60a.png\" alt=\"?\"> Zapraszamy wszystkie Maluszki od 1 roku \u017cycia. \u017b\u0142obek &#8222;S\u0142oneczko&#8221; znajduje si\u0119 w Kro\u015bnicach, 15 min od Milicza. Nasz \u017c\u0142obek jest czynny od godz. 7.00 do 16.30. Naszym podopiecznym oferujemy:<\/p>\n\n\n\n<ul class=\"wp-block-list\">\n<li>fantastycznie sp\u0119dzony czas  podczas pobytu w \u017c\u0142obku &#8211; organizujemy zaj\u0119cia plastyczna, kulinarne, sportowe, muzyczne, naukowe (relacje z naszych dzia\u0142a\u0144 mo\u017cna podgl\u0105da\u0107 na naszej <a rel=\"noreferrer noopener\" href=\"https:\/\/www.facebook.com\/zlobekkrosnice\" target=\"_blank\">stronie FB<\/a>)<\/li>\n\n\n\n<li>pe\u0142ne wy\u017cywienie (\u015bniadanie, zup\u0119, drugie danie, podwieczorek), tak\u017ce przystosowane dla dla dzieci z alergiami i nietolerancjami pokarmowymi<\/li>\n\n\n\n<li>atmosfer\u0119 pe\u0142n\u0105 troski, zrozumienia i szacunku dla potrzeb dziecka (W naszej pracy kierujemy si\u0119 <a rel=\"noreferrer noopener\" href=\"https:\/\/zlobekkrosnice.pl\/index.php\/standardy-opieki-i-edukacji-dzieci\/\" target=\"_blank\">&#8222;Standardami Opieki i Edukacji Dzieci do lat 3&#8221;<\/a>)<\/li>\n\n\n\n<li>du\u017co pobytu na \u015bwie\u017cym powietrzu (\u017c\u0142obek posiada w\u0142asny ogrodzony teren zielony)<\/li>\n\n\n\n<li>nadz\u00f3r nad rozwojem psychofizycznym dziecka (w razie potrzeb konsultacje z pedagogiem, fizjoterapeut\u0105)<\/li>\n<\/ul>\n\n\n\n<p>Czesne w \u017c\u0142obku pokrywane jest w ca\u0142o\u015bci z dofinansowania &#8222;Aktywnie w \u017c\u0142obku&#8221;. Koszt wy\u017cywienia to 17.50 z\u0142\/dzie\u0144.<\/p>\n\n\n\n<figure class=\"wp-block-image size-full\"><img loading=\"lazy\" decoding=\"async\" width=\"940\" height=\"788\" src=\"https:\/\/zlobekkrosnice.pl\/wp-content\/uploads\/2025\/10\/REKRUTACJA-20252026Mamy-wolne-miejsca.png\" alt=\"\" class=\"wp-image-1023\" srcset=\"https:\/\/zlobekkrosnice.pl\/wp-content\/uploads\/2025\/10\/REKRUTACJA-20252026Mamy-wolne-miejsca.png 940w, https:\/\/zlobekkrosnice.pl\/wp-content\/uploads\/2025\/10\/REKRUTACJA-20252026Mamy-wolne-miejsca-300x251.png 300w, https:\/\/zlobekkrosnice.pl\/wp-content\/uploads\/2025\/10\/REKRUTACJA-20252026Mamy-wolne-miejsca-768x644.png 768w\" sizes=\"auto, (max-width: 940px) 100vw, 940px\" \/><\/figure>\n","protected":false},"excerpt":{"rendered":"<p>Mamy jeszcze wolne miejsca Zapraszamy wszystkie Maluszki od 1 roku \u017cycia. \u017b\u0142obek &#8222;S\u0142oneczko&#8221; znajduje si\u0119 w Kro\u015bnicach, 15 min od Milicza. Nasz \u017c\u0142obek jest czynny od godz. 7.00 do 16.30. Naszym podopiecznym oferujemy: Czesne w \u017c\u0142obku pokrywane jest w ca\u0142o\u015bci z dofinansowania &#8222;Aktywnie w \u017c\u0142obku&#8221;. Koszt wy\u017cywienia to 17.50 z\u0142\/dzie\u0144.<\/p>\n","protected":false},"author":1,"featured_media":875,"parent":0,"menu_order":0,"comment_status":"closed","ping_status":"closed","template":"","meta":{"footnotes":""},"class_list":["post-656","page","type-page","status-publish","has-post-thumbnail","hentry"],"_links":{"self":[{"href":"https:\/\/zlobekkrosnice.pl\/index.php\/wp-json\/wp\/v2\/pages\/656","targetHints":{"allow":["GET"]}}],"collection":[{"href":"https:\/\/zlobekkrosnice.pl\/index.php\/wp-json\/wp\/v2\/pages"}],"about":[{"href":"https:\/\/zlobekkrosnice.pl\/index.php\/wp-json\/wp\/v2\/types\/page"}],"author":[{"embeddable":true,"href":"https:\/\/zlobekkrosnice.pl\/index.php\/wp-json\/wp\/v2\/users\/1"}],"replies":[{"embeddable":true,"href":"https:\/\/zlobekkrosnice.pl\/index.php\/wp-json\/wp\/v2\/comments?post=656"}],"version-history":[{"count":13,"href":"https:\/\/zlobekkrosnice.pl\/index.php\/wp-json\/wp\/v2\/pages\/656\/revisions"}],"predecessor-version":[{"id":1031,"href":"https:\/\/zlobekkrosnice.pl\/index.php\/wp-json\/wp\/v2\/pages\/656\/revisions\/1031"}],"wp:featuredmedia":[{"embeddable":true,"href":"https:\/\/zlobekkrosnice.pl\/index.php\/wp-json\/wp\/v2\/media\/875"}],"wp:attachment":[{"href":"https:\/\/zlobekkrosnice.pl\/index.php\/wp-json\/wp\/v2\/media?parent=656"}],"curies":[{"name":"wp","href":"https:\/\/api.w.org\/{rel}","templated":true}]}}