{"id":189,"date":"2020-04-13T15:29:51","date_gmt":"2020-04-13T13:29:51","guid":{"rendered":"http:\/\/zlobekkrosnice.pl\/?page_id=189"},"modified":"2021-03-22T14:09:54","modified_gmt":"2021-03-22T13:09:54","slug":"10-korzysci","status":"publish","type":"page","link":"https:\/\/zlobekkrosnice.pl\/index.php\/10-korzysci\/","title":{"rendered":"10 korzy\u015bci dla rozwoju dziecka"},"content":{"rendered":"\n<h4 class=\"wp-block-heading\">Co daje dziecku chodzenie do \u017c\u0142obka? Poznaj 10 korzy\u015bci ucz\u0119szczania dziecka do naszego \u017c\u0142obka. <\/h4>\n\n\n\n<ol class=\"wp-block-list\"><li>Dziecko ma zapewnione <strong>du\u017co bardzo atrakcyjnych zaj\u0119\u0107<\/strong> (sp\u00f3jrz tylko na nasz FB) <strong>zabawy muzyczne, ruchowe, sensoryczne, naukowe, prace plastyczne<\/strong> \u2013 tak atrakcyjnie sp\u0119dza\u0107 czas codziennie! Trudno jest to rodzicom zorganizowa\u0107 w domu, bo maj\u0105 swoje obowi\u0105zki. Nie jest dziwne je\u015bli ich pasj\u0105 wcale nie jest wymy\u015blanie zabaw dla dwulatka, maj\u0105 inne zainteresowania (oczywi\u015bcie rodzic zawsze mo\u017ce podpatrzy\u0107 pomys\u0142 na zabaw\u0119 z naszego FB! <img loading=\"lazy\" decoding=\"async\" height=\"16\" width=\"16\" alt=\"?\" src=\"https:\/\/static.xx.fbcdn.net\/images\/emoji.php\/v9\/t57\/1\/16\/1f609.png\">). <strong>Zabawy dla maluch\u00f3w to nasza pasja!<\/strong> Ciociom a\u017c trudno jest zmie\u015bci\u0107 wszystkie propozycje w kalendarzu. Dzieci natomiast bez problemu zasypiaj\u0105 wieczorem po dniu pe\u0142nym wra\u017ce\u0144.<\/li><\/ol>\n\n\n\n<figure class=\"wp-block-image size-large\"><img loading=\"lazy\" decoding=\"async\" width=\"1024\" height=\"768\" src=\"https:\/\/zlobekkrosnice.pl\/wp-content\/uploads\/2021\/03\/66.jpg\" alt=\"\" class=\"wp-image-718\" srcset=\"https:\/\/zlobekkrosnice.pl\/wp-content\/uploads\/2021\/03\/66.jpg 1024w, https:\/\/zlobekkrosnice.pl\/wp-content\/uploads\/2021\/03\/66-300x225.jpg 300w, https:\/\/zlobekkrosnice.pl\/wp-content\/uploads\/2021\/03\/66-768x576.jpg 768w\" sizes=\"auto, (max-width: 1024px) 100vw, 1024px\" \/><\/figure>\n\n\n\n<p>2. Dziecko jest pod <strong>sta\u0142\u0105 obserwacj\u0105 pedagoga i fizjoterapeuty<\/strong> \u2013 Cioci Dyrektor, kt\u00f3ra r\u00f3wnie\u017c osobi\u015bcie zajmuje si\u0119 dzie\u0107mi. Dwa razy w roku przeprowadzana jest obserwacja pedagogiczna dzieci, dzi\u0119ki temu szybko mo\u017cna zorientowa\u0107 si\u0119 <strong>czy rozw\u00f3j dziecka przebiega prawid\u0142owo<\/strong>. Je\u015bli co\u015b jest nie tak &#8211; <strong>rodzic zostanie natychmiast poinstruowany i pokierowany <\/strong>do odpowiednich specjalist\u00f3w. A czas w tym wieku jest bardzo wa\u017cny. <strong>Im m\u0142odsze dziecko tym lepsze efekty terapii i  wi\u0119cej mo\u017cna zdzia\u0142a\u0107.<\/strong> Rok bez terapii w tym wieku to jest okres czasu, kt\u00f3rego ju\u017c niestety nigdy nie da si\u0119 nadrobi\u0107. Dlatego tak wa\u017cne jest, by monitorowa\u0107 rozw\u00f3j ma\u0142ego dziecka.<\/p>\n\n\n\n<p>3. <strong>Dziecko codziennie przebywa na \u015bwie\u017cym powietrzu<\/strong>. Jesieni\u0105 i zim\u0105, gdy rodzic wr\u00f3ci z pracy p\u00f3\u017anym popo\u0142udniem po prostu nie ma mo\u017cliwo\u015bci wyj\u015b\u0107 z pociech\u0105 na dw\u00f3r, poniewa\u017c jest ju\u017c ciemno. Wszyscy wiemy, \u017ce pobyt na podw\u00f3rku jest bardzo wa\u017cny dla zdrowia dziecka.<\/p>\n\n\n\n<p>4. <strong>Dziecko rozwija si\u0119 spo\u0142ecznie <\/strong>&#8211; poznaje nowych ludzi, du\u017cych i ma\u0142ych, zmienia otoczenie. Przebywaj\u0105c z innymi dzie\u0107mi <strong>uczy si\u0119 zasad wsp\u00f3\u0142pracy<\/strong> w grupie (np. reagowa\u0107 gdy kto\u015b chce si\u0119 z nim bawi\u0107, lub gdy zabierze mu zabawk\u0119, lub gdy ono chce si\u0119 teraz ni\u0105 bawi\u0107). Maluch <strong>uczy si\u0119 jak nawi\u0105zywa\u0107 nowe znajomo\u015bci<\/strong>. Poznaje zasady zachowania si\u0119, kt\u00f3re przyswaja tym \u0142atwiej, \u017ce widzi, \u017ce inne dzieci r\u00f3wnie\u017c si\u0119 do nich stosuj\u0105 (np. \u017ce nie wolno biega\u0107 podczas posi\u0142ku, albo, \u017ce wszystkie dzieci siadaj\u0105 na nocnik po spaniu). <strong>Uczy si\u0119 niejako przy okazji<\/strong>, w og\u00f3le nie wk\u0142adaj\u0105c w to wysi\u0142ku. Przychodzi mu to naturalnie.<\/p>\n\n\n\n<p>5. <strong>Dziecko mo\u017ce bawi\u0107 si\u0119 tak \u201ebrudno\u201d jak tylko chce<\/strong> podczas zaj\u0119\u0107 sensorycznych! Masy plastyczne, farby z m\u0105ki, ry\u017cu, kolorowy piasek wsz\u0119dzie.. malowanie r\u0119kami, stopami&#8230; Nie ka\u017cdy rodzic podejmie si\u0119 sprz\u0105tania po takiej zabawie w domu.<\/p>\n\n\n\n<figure class=\"wp-block-image size-large\"><img loading=\"lazy\" decoding=\"async\" width=\"1024\" height=\"768\" src=\"https:\/\/zlobekkrosnice.pl\/wp-content\/uploads\/2021\/03\/777.jpg\" alt=\"\" class=\"wp-image-706\" srcset=\"https:\/\/zlobekkrosnice.pl\/wp-content\/uploads\/2021\/03\/777.jpg 1024w, https:\/\/zlobekkrosnice.pl\/wp-content\/uploads\/2021\/03\/777-300x225.jpg 300w, https:\/\/zlobekkrosnice.pl\/wp-content\/uploads\/2021\/03\/777-768x576.jpg 768w\" sizes=\"auto, (max-width: 1024px) 100vw, 1024px\" \/><\/figure>\n\n\n\n<p>6. <strong>Dziecko<\/strong> uczy si\u0119, \u017ce rozstania z mam\u0105 nie s\u0105 tragedi\u0105 i, \u017ce mama zawsze przyjdzie. P\u00f3\u017aniej <strong>\u0142atwiej znosi roz\u0142\u0105ki<\/strong> podczas p\u00f3j\u015bcia do przedszkola czy wyjazdu mamy. Mamy te\u017c si\u0119 mniej stresuj\u0105 gdy ich pociecha ch\u0119tnie idzie do plac\u00f3wki. Nasze <strong>dzieci bardzo ch\u0119tnie przychodz\u0105 do \u017c\u0142obka!<\/strong><\/p>\n\n\n\n<p>7. <strong>Dziecko rozwija swoj\u0105 mow\u0119<\/strong> \u2013 jest niejako do tego \u201ezmuszone\u201d przez inne dzieci, kt\u00f3re wymagaj\u0105 komunikat\u00f3w s\u0142ownych, aby si\u0119 porozumie\u0107. Mama zawsze wie o czego potrzebuje jej dziecko, wystarczy tylko spojrzenie i wszystko jest dla niej jasne. Inne dzieci nie rozumiej\u0105 tych sygna\u0142\u00f3w, dlatego konieczna jest mowa. W takich spontanicznych, naturalnych interakcjach <strong>mowa rozwija si\u0119 najszybciej i najpro\u015bciej<\/strong>.<\/p>\n\n\n\n<p>8. <strong>Dziecko staje si\u0119 samodzielne<\/strong>. Ciociom si\u0119 nie \u015bpieszy i dziecko zawsze ma tyle czasu ile potrzebuje by si\u0119 samemu ubra\u0107 czy naje\u015b\u0107. Maluch <strong>uczy si\u0119 treningu czysto\u015bci, zasypiania<\/strong> na le\u017caczku, tylko obserwuj\u0105c inne dzieci i je na\u015bladuj\u0105c. Samo zaczyna odk\u0142ada\u0107 zabawki na miejsce, wyrzuca\u0107 \u015bmieci czy wyciera\u0107 stolik. W wolnych chwilach uczy si\u0119 samodzielnie organizowa\u0107 sobie czas. A Ciocie z rodzicami obserwuj\u0105 efekty i ciesz\u0105 si\u0119 nimi.<\/p>\n\n\n\n<p>9. \u017b\u0142obek \u201eS\u0142oneczko\u201d wpiera rozw\u00f3j dziecka \u2013 na podstawie obserwacji pedagogicznej <strong>rozpoznajemy indywidualne potrzeby dziecka<\/strong> i wiemy na czym powinni\u015bmy si\u0119 skupi\u0107 podczas zabaw i zaj\u0119\u0107. To <strong>\u201eod dziecka\u201d wychodzi plan na zaj\u0119cia<\/strong>. Niejadkom proponujemy zaj\u0119cia sensoryczne z w\u0105chaniem, poznawaniem nowych smak\u00f3w, dzieciom s\u0142abo m\u00f3wi\u0105cym- zaj\u0119cia z na\u015bladowaniem zwierz\u0105tek, czytanie ksi\u0105\u017ceczek i \u0107wiczenia d\u0142oni, dzieciom ze s\u0142ab\u0105 koncentracj\u0105 uwagi \u2013 \u0107wiczenia skupienia uwagi A wszystko przez zabaw\u0119, tak, \u017ce maluchy nawet si\u0119 nie orientuj\u0105, \u017ce co\u015b usprawniaj\u0105.<\/p>\n\n\n\n<p>10. Wspieranie rozwoju opiera si\u0119 na <strong>tygodniowym planie aktywno\u015bci<\/strong>. <strong>Ka\u017cdego dnia stymulowana jest inna sfera rozwoju<\/strong>: jednego sprawno\u015b\u0107 fizyczna, drugiego aktywno\u015b\u0107 umys\u0142owa, innego sensoryka. W ten spos\u00f3b <strong>oddzia\u0142ujemy na wszystkie sfery rozwoju dziecka<\/strong> i jednocze\u015bnie nie przesadzamy ze stymulacj\u0105. Delikatnie wspieramy rozw\u00f3j, ale bez nadmiaru bod\u017ac\u00f3w. Aran\u017cacja naszego \u017c\u0142obka jest tak przemy\u015blana, aby dziecku zapewni\u0107 <strong>komfort psychiczny<\/strong>, aby \u0142atwo mu by\u0142o si\u0119 skupi\u0107 na nabywaniu nowych umiej\u0119tno\u015bci. Wiemy, \u017ce w sali piszcz\u0105cej kolorami, pe\u0142nej graj\u0105cych zabawek trudno si\u0119 nauczy\u0107 czegokolwiek, o odpoczynku nie wspominaj\u0105c. Dlatego u nas jest pastelowo, cicho, bez nadmiaru zabawek. <strong>Dziecko<\/strong> ma szans\u0119 skupi\u0107 si\u0119 ma jednej rzeczy, <strong>uczy si\u0119 koncentracji na zadaniu<\/strong>. Umiej\u0119tno\u015b\u0107 skupienia si\u0119 to ju\u017c jest jedna z najwa\u017cniejszych kompetencji XXI wieku.<\/p>\n\n\n\n<figure class=\"wp-block-image size-large\"><img loading=\"lazy\" decoding=\"async\" width=\"970\" height=\"1024\" src=\"https:\/\/zlobekkrosnice.pl\/wp-content\/uploads\/2021\/03\/45-970x1024.jpg\" alt=\"\" class=\"wp-image-722\" srcset=\"https:\/\/zlobekkrosnice.pl\/wp-content\/uploads\/2021\/03\/45-970x1024.jpg 970w, https:\/\/zlobekkrosnice.pl\/wp-content\/uploads\/2021\/03\/45-284x300.jpg 284w, https:\/\/zlobekkrosnice.pl\/wp-content\/uploads\/2021\/03\/45-768x811.jpg 768w, https:\/\/zlobekkrosnice.pl\/wp-content\/uploads\/2021\/03\/45.jpg 1194w\" sizes=\"auto, (max-width: 970px) 100vw, 970px\" \/><\/figure>\n","protected":false},"excerpt":{"rendered":"<p>Co daje dziecku chodzenie do \u017c\u0142obka? Poznaj 10 korzy\u015bci ucz\u0119szczania dziecka do naszego \u017c\u0142obka. Dziecko ma zapewnione du\u017co bardzo atrakcyjnych zaj\u0119\u0107 (sp\u00f3jrz tylko na nasz FB) zabawy muzyczne, ruchowe, sensoryczne, naukowe, prace plastyczne \u2013 tak atrakcyjnie sp\u0119dza\u0107 czas codziennie! Trudno jest to rodzicom zorganizowa\u0107 w domu, bo maj\u0105 swoje obowi\u0105zki. Nie jest dziwne je\u015bli ich pasj\u0105 wcale nie jest wymy\u015blanie zabaw dla dwulatka, maj\u0105 inne zainteresowania (oczywi\u015bcie rodzic zawsze mo\u017ce podpatrzy\u0107 pomys\u0142 na zabaw\u0119 z [&hellip;]<\/p>\n","protected":false},"author":1,"featured_media":721,"parent":0,"menu_order":0,"comment_status":"closed","ping_status":"closed","template":"","meta":{"footnotes":""},"class_list":["post-189","page","type-page","status-publish","has-post-thumbnail","hentry"],"_links":{"self":[{"href":"https:\/\/zlobekkrosnice.pl\/index.php\/wp-json\/wp\/v2\/pages\/189","targetHints":{"allow":["GET"]}}],"collection":[{"href":"https:\/\/zlobekkrosnice.pl\/index.php\/wp-json\/wp\/v2\/pages"}],"about":[{"href":"https:\/\/zlobekkrosnice.pl\/index.php\/wp-json\/wp\/v2\/types\/page"}],"author":[{"embeddable":true,"href":"https:\/\/zlobekkrosnice.pl\/index.php\/wp-json\/wp\/v2\/users\/1"}],"replies":[{"embeddable":true,"href":"https:\/\/zlobekkrosnice.pl\/index.php\/wp-json\/wp\/v2\/comments?post=189"}],"version-history":[{"count":8,"href":"https:\/\/zlobekkrosnice.pl\/index.php\/wp-json\/wp\/v2\/pages\/189\/revisions"}],"predecessor-version":[{"id":723,"href":"https:\/\/zlobekkrosnice.pl\/index.php\/wp-json\/wp\/v2\/pages\/189\/revisions\/723"}],"wp:featuredmedia":[{"embeddable":true,"href":"https:\/\/zlobekkrosnice.pl\/index.php\/wp-json\/wp\/v2\/media\/721"}],"wp:attachment":[{"href":"https:\/\/zlobekkrosnice.pl\/index.php\/wp-json\/wp\/v2\/media?parent=189"}],"curies":[{"name":"wp","href":"https:\/\/api.w.org\/{rel}","templated":true}]}}