{"id":13,"date":"2020-03-13T14:25:59","date_gmt":"2020-03-13T13:25:59","guid":{"rendered":"http:\/\/zlobekkrosnice.pl\/?page_id=13"},"modified":"2024-10-10T12:01:27","modified_gmt":"2024-10-10T10:01:27","slug":"oplata-za-zlobek","status":"publish","type":"page","link":"https:\/\/zlobekkrosnice.pl\/index.php\/oplata-za-zlobek\/","title":{"rendered":"Cennik"},"content":{"rendered":"\n<div class=\"wp-block-group alignwide\"><div class=\"wp-block-group__inner-container is-layout-flow wp-block-group-is-layout-flow\">\n<h2 class=\"wp-block-heading\">Op\u0142aty za \u017c\u0142obek &#8222;S\u0142oneczko&#8221; w 2024r.<\/h2>\n\n\n\n<h3 class=\"wp-block-heading has-text-align-right\">. <\/h3>\n\n\n\n<h3 class=\"wp-block-heading has-text-align-right\"> <\/h3>\n<\/div><\/div>\n\n\n\n<div class=\"wp-block-columns alignwide is-layout-flex wp-container-core-columns-is-layout-1 wp-block-columns-is-layout-flex\">\n<div class=\"wp-block-column is-layout-flow wp-block-column-is-layout-flow\">\n<div class=\"wp-block-group\"><div class=\"wp-block-group__inner-container is-layout-flow wp-block-group-is-layout-flow\">\n<h3 class=\"wp-block-heading\">Czesne<\/h3>\n\n\n\n<h5 class=\"wp-block-heading\"><strong>OD PA\u0179DZIERNIKA 2024 RODZICE, KT\u00d3RZY Z\u0141O\u017b\u0104 WNIOSEK DO ZUS W RAMACH \u015aWIADCZENIA &#8222;AKTYWNIE W \u017b\u0141OBKU&#8221; NIE P\u0141AC\u0104 ZA CZESNE. JEDYNA OP\u0141AT\u0104 JEST OP\u0141ATA ZA WY\u017bYWIENIE. <\/strong><\/h5>\n\n\n\n<p>Czesne  w \u017c\u0142obku (bez \u017cadnych dofinansowa\u0144) wynosi 1500z\u0142.  Mieszka\u0144cy Gminy Kro\u015bnice mog\u0105 si\u0119 stara\u0107 o <strong>Kro\u015bnicki Bon \u017b\u0142obkowy w wysoko\u015bci 300z\u0142\/miesi\u0105c\/dziecko<\/strong> (wi\u0119cej informacji <a href=\"https:\/\/zlobekkrosnice.pl\/index.php\/bon-zlobkowy\/\" target=\"_blank\" rel=\"noreferrer noopener\">TU<\/a>). Jedno dofinansowanie nie wyklucza drugiego. <\/p>\n\n\n\n<p>W ramach ramach tej kwoty dzieci maj\u0105 zapewnion\u0105 <strong>opiek\u0119 w godzinach&nbsp;7.00 \u2013 16.30&nbsp;od poniedzia\u0142ku do pi\u0105tku oraz zaj\u0119cia edukacyjne, muzyczne i plastyczne<\/strong> prowadzone przez Ciocie ze \u017c\u0142obka. Kwota jest sta\u0142a i bezzwrotna. Op\u0142ata  za \u017c\u0142obek wnoszona jest z g\u00f3ry do 10. dnia ka\u017cdego miesi\u0105ca przelewam na rachunek wskazany na umowie z rodzicem. <\/p>\n<\/div><\/div>\n\n\n\n<div class=\"wp-block-group\"><div class=\"wp-block-group__inner-container is-layout-flow wp-block-group-is-layout-flow\">\n<h3 class=\"wp-block-heading\">Wpisowe<\/h3>\n\n\n\n<p><strong>300z\u0142 <\/strong>&#8211; jednorazowa op\u0142ata gwarantuje rezerwacj\u0119 miejsca w \u017c\u0142obku. Przeznaczona jest m.in. na materia\u0142y plastyczne, prezenty z okazji urodzin, Miko\u0142aja, Dnia Dziecka, materia\u0142y higieniczne typu chusteczki i r\u0119czniki jednorazowe. Wpisowe jest p\u0142atne przy podpisywaniu umowy z rodzicem.<\/p>\n<\/div><\/div>\n<\/div>\n\n\n\n<div class=\"wp-block-column is-layout-flow wp-block-column-is-layout-flow\">\n<div class=\"wp-block-group\"><div class=\"wp-block-group__inner-container is-layout-flow wp-block-group-is-layout-flow\">\n<h3 class=\"wp-block-heading\">Catering<\/h3>\n\n\n\n<p>Catering dostarcza nam &#8222;Karczma Zuzanna&#8221; z Wierzchowic. Pani Szefowa Kuchni ma du\u017ce do\u015bwiadczenie w karmieniu dzieci, poniewa\u017c dostarcza posi\u0142ki do wi\u0119kszo\u015bci plac\u00f3wek \u017c\u0142obkowo-przedszkolnych w Miliczu. Cena to<strong> 15,50z\u0142\/dzie\u0144\/dziecko<\/strong>.  Cena obejmuje:<strong> \u015bniadanie, zup\u0119,  drugie danie i podwieczorek<\/strong>. Je\u015bli Maluszek jest alergikiem to dla niego b\u0119d\u0105 przygotowywane <strong>posi\u0142ki bez alergen\u00f3w<\/strong>. Rodzice nie p\u0142ac\u0105 za catering je\u015bli dziecko jest nieobecne w \u017c\u0142obku i zostanie to wcze\u015bniej zg\u0142oszone (nadp\u0142ata przechodzi na kolejny miesi\u0105c).  <\/p>\n\n\n\n<p><\/p>\n<\/div><\/div>\n\n\n\n<div class=\"wp-block-group\"><div class=\"wp-block-group__inner-container is-layout-flow wp-block-group-is-layout-flow\">\n<h3 class=\"wp-block-heading\">Ubezpieczenie<\/h3>\n\n\n\n<p>Ka\u017cdy Rodzic zobowi\u0105zany jest wykupi\u0107 dziecku ubezpieczenie NNW na kwot\u0119 nie mniejsz\u0105 ni\u017c 50tys. z\u0142. <\/p>\n<\/div><\/div>\n\n\n\n<p><\/p>\n<\/div>\n<\/div>\n","protected":false},"excerpt":{"rendered":"<p>Op\u0142aty za \u017c\u0142obek &#8222;S\u0142oneczko&#8221; w 2024r. . Czesne OD PA\u0179DZIERNIKA 2024 RODZICE, KT\u00d3RZY Z\u0141O\u017b\u0104 WNIOSEK DO ZUS W RAMACH \u015aWIADCZENIA &#8222;AKTYWNIE W \u017b\u0141OBKU&#8221; NIE P\u0141AC\u0104 ZA CZESNE. JEDYNA OP\u0141AT\u0104 JEST OP\u0141ATA ZA WY\u017bYWIENIE. Czesne w \u017c\u0142obku (bez \u017cadnych dofinansowa\u0144) wynosi 1500z\u0142. Mieszka\u0144cy Gminy Kro\u015bnice mog\u0105 si\u0119 stara\u0107 o Kro\u015bnicki Bon \u017b\u0142obkowy w wysoko\u015bci 300z\u0142\/miesi\u0105c\/dziecko (wi\u0119cej informacji TU). Jedno dofinansowanie nie wyklucza drugiego. W ramach ramach tej kwoty dzieci maj\u0105 zapewnion\u0105 opiek\u0119 w godzinach&nbsp;7.00 \u2013 16.30&nbsp;od [&hellip;]<\/p>\n","protected":false},"author":1,"featured_media":0,"parent":0,"menu_order":0,"comment_status":"closed","ping_status":"closed","template":"","meta":{"footnotes":""},"class_list":["post-13","page","type-page","status-publish","hentry"],"_links":{"self":[{"href":"https:\/\/zlobekkrosnice.pl\/index.php\/wp-json\/wp\/v2\/pages\/13","targetHints":{"allow":["GET"]}}],"collection":[{"href":"https:\/\/zlobekkrosnice.pl\/index.php\/wp-json\/wp\/v2\/pages"}],"about":[{"href":"https:\/\/zlobekkrosnice.pl\/index.php\/wp-json\/wp\/v2\/types\/page"}],"author":[{"embeddable":true,"href":"https:\/\/zlobekkrosnice.pl\/index.php\/wp-json\/wp\/v2\/users\/1"}],"replies":[{"embeddable":true,"href":"https:\/\/zlobekkrosnice.pl\/index.php\/wp-json\/wp\/v2\/comments?post=13"}],"version-history":[{"count":31,"href":"https:\/\/zlobekkrosnice.pl\/index.php\/wp-json\/wp\/v2\/pages\/13\/revisions"}],"predecessor-version":[{"id":997,"href":"https:\/\/zlobekkrosnice.pl\/index.php\/wp-json\/wp\/v2\/pages\/13\/revisions\/997"}],"wp:attachment":[{"href":"https:\/\/zlobekkrosnice.pl\/index.php\/wp-json\/wp\/v2\/media?parent=13"}],"curies":[{"name":"wp","href":"https:\/\/api.w.org\/{rel}","templated":true}]}}