{"id":123,"date":"2020-03-30T15:12:51","date_gmt":"2020-03-30T13:12:51","guid":{"rendered":"http:\/\/zlobekkrosnice.pl\/?page_id=123"},"modified":"2021-05-06T11:37:46","modified_gmt":"2021-05-06T09:37:46","slug":"plan-dnia","status":"publish","type":"page","link":"https:\/\/zlobekkrosnice.pl\/index.php\/plan-dnia\/","title":{"rendered":"Plan dnia"},"content":{"rendered":"\n<p>Plan dnia jest orientacyjny, wszystkie godziny i czas aktywno\u015bci dzieci s\u0105 uzale\u017cnione od potrzeb dzieci danego dnia. Sta\u0142e s\u0105 jedynie godziny posi\u0142k\u00f3w. Dzieci codziennie  przebywaj\u0105 na dworze przez co najmniej godzin\u0119. <\/p>\n\n\n\n<ul class=\"wp-block-list\"><li>godz. 8:30 powitanie, zaj\u0119cia muzyczne\/ edukacyjne\/ruchowe<\/li><li>godz. 9:00 \u015bniadanie<\/li><li>po \u015bniadaniu zaj\u0119cia plastyczne\/edukacyjne\/muzyczne\/ruchowe przewidziane w planie zaj\u0119\u0107 na dany miesi\u0105c<\/li><li>godz. 11:30 zupa<\/li><li>po zupie drzemka <\/li><li>godz. 13:30 obiad<\/li><li>po obiedzie pobyt na dworze (lub je\u015bli pogoda nie sprzyja czytanie ksi\u0105\u017ceczek\/zaj\u0119cia stolikowe)<\/li><li>godz. 15:00 podwieczorek<\/li><li>zabawy swobodne<\/li><\/ul>\n\n\n\n<p><\/p>\n\n\n\n<p><strong>Poniedzia\u0142ki<\/strong> s\u0105 <strong>muzyczne<\/strong>: poznajemy piosenk\u0119 na nowy tydzie\u0144, gramy na instrumentach, s\u0142uchamy muzyki. Ciocie prowadz\u0105 zaj\u0119cia rytmiczne.<\/p>\n\n\n\n<p>We <strong>wtorki<\/strong> zajmujemy si\u0119 &#8222;<strong>nauk\u0105<\/strong>&#8222;- robimy wsp\u00f3lnie eksperymenty, czytamy ksi\u0105\u017ceczki, poznajemy \u015bwiat, kt\u00f3ry nas otacza.<\/p>\n\n\n\n<p><strong>\u015arody<\/strong> to zaj\u0119cia ruchowe: pokazywanki ze \u015bpiewaniem i ruchem, <strong>zabawy ruchowe<\/strong> i <strong>ta\u0144ce!<\/strong><\/p>\n\n\n\n<p>W <strong>czwartki<\/strong> dominuje<strong> plastyczna tw\u00f3rczo\u015b\u0107 w\u0142asna<\/strong>&#8211; malujemy r\u0119kami, p\u0119dzlami\/ g\u0105bkami i wszystkim czym si\u0119 da, rysujemy, kleimy, drzemy, wyklejamy, nawlekamy, kolorujemy, marzemy&#8230;<\/p>\n\n\n\n<p>W <strong>pi\u0105tek<\/strong> to czas na <strong>swobodn\u0105 zabaw\u0119<\/strong> wg w\u0142asnych pomys\u0142\u00f3w dzieci. Maluchy wybieraj\u0105 co b\u0119dziemy robi\u0107. <\/p>\n","protected":false},"excerpt":{"rendered":"<p>Plan dnia jest orientacyjny, wszystkie godziny i czas aktywno\u015bci dzieci s\u0105 uzale\u017cnione od potrzeb dzieci danego dnia. Sta\u0142e s\u0105 jedynie godziny posi\u0142k\u00f3w. Dzieci codziennie przebywaj\u0105 na dworze przez co najmniej godzin\u0119. godz. 8:30 powitanie, zaj\u0119cia muzyczne\/ edukacyjne\/ruchowe godz. 9:00 \u015bniadanie po \u015bniadaniu zaj\u0119cia plastyczne\/edukacyjne\/muzyczne\/ruchowe przewidziane w planie zaj\u0119\u0107 na dany miesi\u0105c godz. 11:30 zupa po zupie drzemka godz. 13:30 obiad po obiedzie pobyt na dworze (lub je\u015bli pogoda nie sprzyja czytanie ksi\u0105\u017ceczek\/zaj\u0119cia stolikowe) godz. 15:00 [&hellip;]<\/p>\n","protected":false},"author":1,"featured_media":0,"parent":0,"menu_order":0,"comment_status":"closed","ping_status":"closed","template":"","meta":{"footnotes":""},"class_list":["post-123","page","type-page","status-publish","hentry"],"_links":{"self":[{"href":"https:\/\/zlobekkrosnice.pl\/index.php\/wp-json\/wp\/v2\/pages\/123","targetHints":{"allow":["GET"]}}],"collection":[{"href":"https:\/\/zlobekkrosnice.pl\/index.php\/wp-json\/wp\/v2\/pages"}],"about":[{"href":"https:\/\/zlobekkrosnice.pl\/index.php\/wp-json\/wp\/v2\/types\/page"}],"author":[{"embeddable":true,"href":"https:\/\/zlobekkrosnice.pl\/index.php\/wp-json\/wp\/v2\/users\/1"}],"replies":[{"embeddable":true,"href":"https:\/\/zlobekkrosnice.pl\/index.php\/wp-json\/wp\/v2\/comments?post=123"}],"version-history":[{"count":4,"href":"https:\/\/zlobekkrosnice.pl\/index.php\/wp-json\/wp\/v2\/pages\/123\/revisions"}],"predecessor-version":[{"id":759,"href":"https:\/\/zlobekkrosnice.pl\/index.php\/wp-json\/wp\/v2\/pages\/123\/revisions\/759"}],"wp:attachment":[{"href":"https:\/\/zlobekkrosnice.pl\/index.php\/wp-json\/wp\/v2\/media?parent=123"}],"curies":[{"name":"wp","href":"https:\/\/api.w.org\/{rel}","templated":true}]}}