{"id":121,"date":"2020-03-30T15:12:51","date_gmt":"2020-03-30T13:12:51","guid":{"rendered":"http:\/\/zlobekkrosnice.pl\/?page_id=121"},"modified":"2025-03-03T13:29:42","modified_gmt":"2025-03-03T12:29:42","slug":"adaptacja-w-zlobku","status":"publish","type":"page","link":"https:\/\/zlobekkrosnice.pl\/index.php\/adaptacja-w-zlobku\/","title":{"rendered":"Adaptacja"},"content":{"rendered":"\n<h2 class=\"wp-block-heading\">      Jak wygl\u0105da adaptacja dziecka w \u017c\u0142obku &#8222;S\u0142oneczko&#8221;?   <\/h2>\n\n\n\n<p> Dzieci by m\u00f3c si\u0119 rozwija\u0107 musz\u0105 <strong>czu\u0107 si\u0119 bezpiecznie.<\/strong> Bez poczucia bezpiecze\u0144stwa Paniom Opiekunkom nie uda si\u0119 zbudowa\u0107 pozytywnych, <strong>pe\u0142nych zaufania relacji z dzie\u0107mi<\/strong>. Ka\u017cde dziecko ma prawo wchodzi\u0107 w nowe \u015brodowisko w \u0142agodny spos\u00f3b z <strong>poszanowaniem jego potrzeb<\/strong>.  Dlatego tak wa\u017cna jest <strong>odpowiednia adaptacja dziecka w \u017c\u0142obku<\/strong>. <\/p>\n\n\n\n<p>Jak wygl\u0105daj\u0105 pierwsze dni dziecka w \u017c\u0142obku &#8222;S\u0142oneczko&#8221;? Pocz\u0105tkowo ma\u0142o wa\u017cne s\u0105 dla dzieci atrakcje i inne dzieci, liczy si\u0119 g\u0142\u00f3wnie nawi\u0105zanie kontakt\u00f3w z nowymi Ciociami w \u017c\u0142obku. Ciocie s\u0105 skupione w tym okresie na <strong>przytulaniu dzieci, udzielaniu im wsparcia<\/strong> na tyle, na ile maluchy tego potrzebuj\u0105. W pierwszych tygodniach nie wymagamy od nowych dzieci niczego, czego same nie chc\u0105 zrobi\u0107-  musz\u0105 one zaufa\u0107 Ciociom na tyle by pozwoli\u0142y im pomaga\u0107 sobie i ustala\u0107 zasady funkcjonowania.  <\/p>\n\n\n\n<p> Warto aby\u015bcie Wy, Drodzy Rodzice, zaplanowali sobie <strong>dodatkowy czas <\/strong>na przyzwyczajenie si\u0119<strong> <\/strong>dziecka do \u017c\u0142obka np. \u017ceby by\u0142a mo\u017cliwo\u015b\u0107 wcze\u015bniejszego odebrania dziecka, lub co te\u017c si\u0119 mo\u017ce zdarzy\u0107 &#8211; \u017ce dziecko w og\u00f3le nie b\u0119dzie samo chcia\u0142o zosta\u0107 w \u017c\u0142obku i konieczna b\u0119dzie Wasza obecno\u015b\u0107. Jest to szczeg\u00f3lnie istotne, gdy wiecie, \u017ce <strong>rozstania s\u0105 trudne dla Waszego dziecka<\/strong>. Czasem zdarza si\u0119 tak, \u017ce maluchowi \u0142atwiej po\u017cegna\u0107 si\u0119 z tat\u0105 lub babci\u0105 ni\u017c z mam\u0105 i mo\u017ce warto wzi\u0105\u0107 pod uwag\u0119 by to oni odprowadzali dziecko do \u017c\u0142obka.  <\/p>\n\n\n\n<p>Przed rozpocz\u0119ciem ucz\u0119szczania dziecka do \u201eS\u0142oneczka\u201d <strong> wsp\u00f3lnie ustalimy jak b\u0119dzie wygl\u0105da\u0142a adaptacja<\/strong> dziecka w \u017c\u0142obku. My Ciocie, chcemy pozna\u0107 potrzeby, sposoby komunikacji, preferencje dziecka. Aby\u015bmy wiedzia\u0142y jak najlepiej u\u0142atwi\u0107 mu ten trudny czas.<\/p>\n\n\n\n<p>Czy Wy, Drodzy Rodzice jeste\u015bcie gotowi, aby Wasze dziecko ucz\u0119szcza\u0142o do \u017c\u0142obka? Czy nie macie poczucia, \u017ce dziecku dzieje si\u0119 przez to krzywda? Je\u015bli tak, warto zastanowi\u0107 si\u0119 sk\u0105d si\u0119 bior\u0105 takie przekonania i <strong>porozmawia\u0107 z nami o Waszych obawach<\/strong>.<\/p>\n\n\n\n<p>Trzeba zdawa\u0107 sobie spraw\u0119, \u017ce dziecko, nawet w p\u00f3\u017aniejszym czasie, mo\u017ce nie akceptowa\u0107 rozstania, ale og\u00f3lnie ch\u0119tnie sp\u0119dza czas w \u017c\u0142obku i dobrze si\u0119 tam bawi, co wida\u0107 na zdj\u0119ciach, kt\u00f3re Ciocie przesy\u0142aj\u0105 rodzicom podczas adaptacji dziecka.<\/p>\n\n\n\n<p> Przed pierwszym dniem b\u0119dzie mo\u017cliwe <strong>odwiedzanie \u201eS\u0142oneczka\u201d <\/strong>z dzieckiem <strong>\u201e\u017ceby sobie poogl\u0105da\u0107\u201d<\/strong> (konieczne wcze\u015bniejsze um\u00f3wienie si\u0119 telefoniczne). <\/p>\n\n\n\n<h3 class=\"wp-block-heading\">Pierwsze dni dziecka w \u017c\u0142obku.<\/h3>\n\n\n\n<p>Pocz\u0105tkowo cz\u0119\u015b\u0107 dzieci jest w stanie zosta\u0107 w \u017c\u0142obku godzin\u0119, dwie. Je\u015bli dziecko nie chce si\u0119 rozsta\u0107 z rodzicem, <strong>prosimy by rodzic wyszed\u0142 z budynku np. na spacer<\/strong>. Ciocie b\u0119d\u0105 si\u0119 stara\u0142y go zaciekawi\u0107 proponuj\u0105c r\u00f3\u017cne wspania\u0142e aktywno\u015bci. Bardzo prosimy, by rodzice nie wchodzili na sal\u0119 zabaw (unikamy w ten spos\u00f3b dezorganizacji reszty grupy).  . Oczywi\u015bcie dzieci w tym okresie mog\u0105 samodzielnie przynosi\u0107 zabawki, maskotki z domu, kt\u00f3re daj\u0105 im poczucie bezpiecze\u0144stwa. Zdarza si\u0119 te\u017c, \u017ce dziecko m\u00f3wi \u201epa, pa\u201d i ju\u017c leci do sali. Warto wtedy po\u017cegna\u0107 si\u0119 i wyj\u015b\u0107, nie zagl\u0105daj\u0105c do okien i nie kr\u0119c\u0105c si\u0119 po szatni. Wszystkie takie<strong> \u201eprzed\u0142u\u017cania\u201d s\u0105 trudne<\/strong> nawet dla dzieci ju\u017c zaadaptowanych, nie wspominaj\u0105c o pierwszych dniach pobytu w \u017c\u0142obku.<\/p>\n\n\n\n<p>Wiadomo, \u017ce rozstania s\u0105 i b\u0119d\u0105 trudne dla Rodzic\u00f3w i dla dzieci. Dlatego tak bardzo jest<strong> wa\u017cna nasza wsp\u00f3\u0142praca <\/strong>z Wami, Drodzy Rodzice. Kiedy dziecku trudno si\u0119 po\u017cegna\u0107 lepiej powiedzie\u0107 \u201ewidz\u0119, \u017ce Ci smutno\u201d ni\u017c t\u0142umaczy\u0107 mu \u017ce mama musi i\u015b\u0107 do pracy itp. Dziecko poczuje si\u0119 wtedy zrozumiane, a jest w tym wieku, \u017ce nie \u0142\u0105czy fakt\u00f3w pobytu w \u017c\u0142obku z prac\u0105 mamy\/innymi zdarzeniami. I ostatnie, ale koniecznie trzeba to napisa\u0107: s\u0142owa typu \u201enie p\u0142acz, bo po Ciebie nie przyjd\u0119\/zostaniesz z Paniami w \u017c\u0142obku\/bo co\u015b tam&#8230;cokolwiek\u201d mog\u0105 tak przestraszy\u0107 malca, \u017ce \u017cadne nasze p\u00f3\u017aniejsze wysi\u0142ki nie zmieni\u0105 ju\u017c jego nastawienia do \u017c\u0142obka. <\/p>\n\n\n\n<p> W \u201eS\u0142oneczku\u201d b\u0119dziemy robi\u0107 <strong>wszystko co w naszej mocy, by dzieci czu\u0142y si\u0119 tu dobrze<\/strong>. Z Wasz\u0105 pomoc\u0105, Drodzy Rodzice, wszyscy przejdziemy \u0142atwiej przez proces adaptacji.  <\/p>\n\n\n\n<p>Do naszego \u017c\u0142obka dzieci naprawd\u0119 przychodz\u0105 z u\u015bmiechem!<\/p>\n\n\n\n<h4 class=\"wp-block-heading\">Do zobaczenia w \u201eS\u0142oneczku\u201d!<\/h4>\n","protected":false},"excerpt":{"rendered":"<p>Jak wygl\u0105da adaptacja dziecka w \u017c\u0142obku &#8222;S\u0142oneczko&#8221;? Dzieci by m\u00f3c si\u0119 rozwija\u0107 musz\u0105 czu\u0107 si\u0119 bezpiecznie. Bez poczucia bezpiecze\u0144stwa Paniom Opiekunkom nie uda si\u0119 zbudowa\u0107 pozytywnych, pe\u0142nych zaufania relacji z dzie\u0107mi. Ka\u017cde dziecko ma prawo wchodzi\u0107 w nowe \u015brodowisko w \u0142agodny spos\u00f3b z poszanowaniem jego potrzeb. Dlatego tak wa\u017cna jest odpowiednia adaptacja dziecka w \u017c\u0142obku. Jak wygl\u0105daj\u0105 pierwsze dni dziecka w \u017c\u0142obku &#8222;S\u0142oneczko&#8221;? Pocz\u0105tkowo ma\u0142o wa\u017cne s\u0105 dla dzieci atrakcje i inne dzieci, liczy si\u0119 [&hellip;]<\/p>\n","protected":false},"author":1,"featured_media":0,"parent":0,"menu_order":0,"comment_status":"closed","ping_status":"closed","template":"","meta":{"footnotes":""},"class_list":["post-121","page","type-page","status-publish","hentry"],"_links":{"self":[{"href":"https:\/\/zlobekkrosnice.pl\/index.php\/wp-json\/wp\/v2\/pages\/121","targetHints":{"allow":["GET"]}}],"collection":[{"href":"https:\/\/zlobekkrosnice.pl\/index.php\/wp-json\/wp\/v2\/pages"}],"about":[{"href":"https:\/\/zlobekkrosnice.pl\/index.php\/wp-json\/wp\/v2\/types\/page"}],"author":[{"embeddable":true,"href":"https:\/\/zlobekkrosnice.pl\/index.php\/wp-json\/wp\/v2\/users\/1"}],"replies":[{"embeddable":true,"href":"https:\/\/zlobekkrosnice.pl\/index.php\/wp-json\/wp\/v2\/comments?post=121"}],"version-history":[{"count":8,"href":"https:\/\/zlobekkrosnice.pl\/index.php\/wp-json\/wp\/v2\/pages\/121\/revisions"}],"predecessor-version":[{"id":1013,"href":"https:\/\/zlobekkrosnice.pl\/index.php\/wp-json\/wp\/v2\/pages\/121\/revisions\/1013"}],"wp:attachment":[{"href":"https:\/\/zlobekkrosnice.pl\/index.php\/wp-json\/wp\/v2\/media?parent=121"}],"curies":[{"name":"wp","href":"https:\/\/api.w.org\/{rel}","templated":true}]}}